{"id":1891,"date":"2022-09-02T18:29:22","date_gmt":"2022-09-02T18:29:22","guid":{"rendered":"https:\/\/oryxpower.com\/?page_id=1891"},"modified":"2022-10-28T17:57:05","modified_gmt":"2022-10-28T17:57:05","slug":"politica-de-cookies","status":"publish","type":"page","link":"https:\/\/oryxpower.com\/en\/politica-de-cookies","title":{"rendered":"Cookies Policy"},"content":{"rendered":"<div data-elementor-type=\"wp-page\" data-elementor-id=\"1891\" class=\"elementor elementor-1891\" data-elementor-post-type=\"page\">\n\t\t\t\t\t\t<section class=\"elementor-section elementor-top-section elementor-element elementor-element-3beea41 elementor-section-boxed elementor-section-height-default elementor-section-height-default\" data-id=\"3beea41\" data-element_type=\"section\" data-settings=\"{&quot;jet_parallax_layout_list&quot;:[]}\">\n\t\t\t\t\t\t<div class=\"elementor-container elementor-column-gap-default\">\n\t\t\t\t\t<div class=\"elementor-column elementor-col-100 elementor-top-column elementor-element elementor-element-9f803e8\" data-id=\"9f803e8\" data-element_type=\"column\">\n\t\t\t<div class=\"elementor-widget-wrap elementor-element-populated\">\n\t\t\t\t\t\t<div class=\"elementor-element elementor-element-e0da2ed elementor-widget elementor-widget-heading\" data-id=\"e0da2ed\" data-element_type=\"widget\" data-widget_type=\"heading.default\">\n\t\t\t\t<div class=\"elementor-widget-container\">\n\t\t\t<h2 class=\"elementor-heading-title elementor-size-default\">Cookies Policy<\/h2>\t\t<\/div>\n\t\t\t\t<\/div>\n\t\t\t\t<div class=\"elementor-element elementor-element-8e9b1a5 elementor-widget elementor-widget-text-editor\" data-id=\"8e9b1a5\" data-element_type=\"widget\" data-no-translation=\"\" data-widget_type=\"text-editor.default\">\n\t\t\t\t<div class=\"elementor-widget-container\">\n\t\t\t<style>.elementor-element-8e9b1a5{display:none !important}<\/style>\t\t<\/div>\n\t\t\t\t<\/div>\n\t\t\t\t<div class=\"elementor-element elementor-element-0f8a9c4 elementor-widget elementor-widget-text-editor\" data-id=\"0f8a9c4\" data-element_type=\"widget\" data-no-translation=\"\" data-widget_type=\"text-editor.default\">\n\t\t\t\t<div class=\"elementor-widget-container\">\n\t\t\t\t\t\t\t<div class=\"cli_pg_page_contaner\">\n<h3>About this cookie policy<\/h3>\n<div>This Cookie Policy explains what cookies are and how we use them, the types of cookies we use i.e, the information we collect using cookies and how that information is used, and how to control the cookie preferences. For further information on how we use, store, and keep your personal data secure, see our Privacy Policy.\n\nYou can at any time change or withdraw your consent from the Cookie Declaration on our website\nLearn more about who we are, how you can contact us, and how we process personal data in our Privacy Policy.\nYour consent applies to the following domains: oryxpower.com\n<div class=\"cli_user_consent_state\">Your current state: No consent given. <a class=\"cli_manage_current_consent\" style=\"cursor:pointer;text-decoration:underline;\">Manage your consent.<\/a> <\/div>\n\n<\/div>\n<h3>What are cookies ?<\/h3>\n<div>Cookies are small text files that are used to store small pieces of information. They are stored on your device when the website is loaded on your browser. These cookies help us make the website function properly, make it more secure, provide better user experience, and understand how the website performs and to analyze what works and where it needs improvement.<\/div>\n<h3>How do we use cookies ?<\/h3>\n<div>As most of the online services, our website uses first-party and third-party cookies for several purposes. First-party cookies are mostly necessary for the website to function the right way, and they do not collect any of your personally identifiable data.\n\nThe third-party cookies used on our website are mainly for understanding how the website performs, how you interact with our website, keeping our services secure, providing advertisements that are relevant to you, and all in all providing you with a better and improved user experience and help speed up your future interactions with our website.\n\n<\/div>\n<h3>What types of cookies do we use ?<\/h3>\n<div>Essential: Some cookies are essential for you to be able to experience the full functionality of our site. They allow us to maintain user sessions and prevent any security threats. They do not collect or store any personal information. For example, these cookies allow you to log-in to your account and add products to your basket, and checkout securely.\n\nStatistics: These cookies store information like the number of visitors to the website, the number of unique visitors, which pages of the website have been visited, the source of the visit, etc. These data help us understand and analyze how well the website performs and where it needs improvement.\n\nMarketing: Our website displays advertisements. These cookies are used to personalize the advertisements that we show to you so that they are meaningful to you. These cookies also help us keep track of the efficiency of these ad campaigns.\nThe information stored in these cookies may also be used by the third-party ad providers to show you ads on other websites on the browser as well.\n\nFunctional: These are the cookies that help certain non-essential functionalities on our website. These functionalities include embedding content like videos or sharing content of the website on social media platforms.\n\nPreferences: These cookies help us store your settings and browsing preferences like language preferences so that you have a better and efficient experience on future visits to the website.\n<p>The below list details the cookies used in our website.<\/p><table class=\"cookielawinfo-row-cat-table cookielawinfo-classic\"><thead><tr><th class=\"cookielawinfo-column-1\">Cookie<\/th><th class=\"cookielawinfo-column-4\">Description<\/th><\/tr><\/thead><tbody><tr class=\"cookielawinfo-row\"><td class=\"cookielawinfo-column-1\">_ga<\/td><td class=\"cookielawinfo-column-4\"><div class=\"page\" title=\"Page 2\">\r\n<div class=\"section\">\r\n<div class=\"layoutArea\">\r\n<div class=\"column\">\r\n\r\nRegistra una identificacio\u0301n u\u0301nica que se utiliza para generar datos estadi\u0301sticos acerca de co\u0301mo utiliza el visitante el sitio web.\r\n\r\n<\/div>\r\n<\/div>\r\n<\/div>\r\n<\/div><\/td><\/tr><tr class=\"cookielawinfo-row\"><td class=\"cookielawinfo-column-1\">_ga_#<\/td><td class=\"cookielawinfo-column-4\"><div class=\"page\" title=\"Page 2\">\r\n<div class=\"section\">\r\n<div class=\"layoutArea\">\r\n<div class=\"column\">\r\n\r\nRecopila datos sobre el nu\u0301mero de veces que un usuario ha visitado el sitio web adema\u0301s de las fechas de la primera visita y de la ma\u0301s reciente. Utilizada por Google Analytics.\r\n\r\n<\/div>\r\n<\/div>\r\n<\/div>\r\n<\/div><\/td><\/tr><tr class=\"cookielawinfo-row\"><td class=\"cookielawinfo-column-1\">_gat<\/td><td class=\"cookielawinfo-column-4\"><div class=\"page\" title=\"Page 3\">\r\n<div class=\"section\">\r\n<div class=\"layoutArea\">\r\n<div class=\"column\">\r\n\r\nUtilizado por Google Analytics para controlar la tasa de peticiones\r\n\r\n<\/div>\r\n<\/div>\r\n<\/div>\r\n<\/div><\/td><\/tr><tr class=\"cookielawinfo-row\"><td class=\"cookielawinfo-column-1\">_gid<\/td><td class=\"cookielawinfo-column-4\"><div class=\"page\" title=\"Page 3\">\r\n<div class=\"section\">\r\n<div class=\"layoutArea\">\r\n<div class=\"column\">\r\n\r\nRegistra una identificacio\u0301n u\u0301nica que se utiliza para generar datos estadi\u0301sticos acerca de co\u0301mo utiliza el visitante el sitio web.\r\n\r\n<\/div>\r\n<\/div>\r\n<\/div>\r\n<\/div><\/td><\/tr><tr class=\"cookielawinfo-row\"><td class=\"cookielawinfo-column-1\">_hjAbsoluteSessionInProgress<\/td><td class=\"cookielawinfo-column-4\"><div class=\"page\" title=\"Page 3\">\r\n<div class=\"section\">\r\n<div class=\"layoutArea\">\r\n<div class=\"column\">\r\n\r\nEsta cookie se utiliza para contar las veces que un sitio web ha sido visitado por diferentes visita ntes. Esto se consigue asignando un ID aleatorio al visitante, para evitar el registro doble del visitante.\r\n\r\n<\/div>\r\n<\/div>\r\n<\/div>\r\n<\/div><\/td><\/tr><tr class=\"cookielawinfo-row\"><td class=\"cookielawinfo-column-1\">_hjFirstSeen<\/td><td class=\"cookielawinfo-column-4\"><div class=\"page\" title=\"Page 3\">\r\n<div class=\"section\">\r\n<div class=\"layoutArea\">\r\n<div class=\"column\">\r\n\r\nEsta cookie se utiliza para determinar si el visitante ha visitado el sitio web con anterioridad o si se trata de un nuevo visitante.\r\n\r\n<\/div>\r\n<\/div>\r\n<\/div>\r\n<\/div><\/td><\/tr><tr class=\"cookielawinfo-row\"><td class=\"cookielawinfo-column-1\">_hjIncludedInPageviewSample<\/td><td class=\"cookielawinfo-column-4\"><div class=\"page\" title=\"Page 3\">\r\n<div class=\"section\">\r\n<div class=\"layoutArea\">\r\n<div class=\"column\">\r\n\r\nEmpleado para detectar si la navegacio\u0301n del usuario y sus interacciones se incluyen en el ana\u0301lisis de datos del sitio web.\r\n\r\n<\/div>\r\n<\/div>\r\n<\/div>\r\n<\/div><\/td><\/tr><tr class=\"cookielawinfo-row\"><td class=\"cookielawinfo-column-1\">_hjIncludedInSessionSample<\/td><td class=\"cookielawinfo-column-4\"><div class=\"page\" title=\"Page 3\">\r\n<div class=\"section\">\r\n<div class=\"layoutArea\">\r\n<div class=\"column\">\r\n\r\nRegistra datos del comportamiento del visitante en la web. Esto se utiliza para el ana\u0301lisis interno y la optimizacio\u0301n de la web.\r\n\r\n<\/div>\r\n<\/div>\r\n<\/div>\r\n<\/div><\/td><\/tr><tr class=\"cookielawinfo-row\"><td class=\"cookielawinfo-column-1\">_hjRecordingEnabled<\/td><td class=\"cookielawinfo-column-4\"><div class=\"page\" title=\"Page 4\">\r\n<div class=\"section\">\r\n<div class=\"layoutArea\">\r\n<div class=\"column\">\r\n\r\nEsta cookie se utiliza para identificar y mejorar la relevancia de anuncios por medio de la recogida de datos del visitante en mu\u0301ltiples sitios web. Este intercambio de datos de visitante lo ofrece habitualmente un intercambio de anuncios o centro de datos de terceros.\r\n\r\n<\/div>\r\n<\/div>\r\n<\/div>\r\n<\/div><\/td><\/tr><tr class=\"cookielawinfo-row\"><td class=\"cookielawinfo-column-1\">_hjRecordingLastActivity<\/td><td class=\"cookielawinfo-column-4\"><div class=\"page\" title=\"Page 3\">\r\n<div class=\"section\">\r\n<div class=\"layoutArea\">\r\n<div class=\"column\">\r\n\r\nEstablece un identificador para la sesio\u0301n. Esto permite a la web obtener datos del comportamiento del visitante con propo\u0301sitos estadi\u0301sticos.\r\n\r\n<\/div>\r\n<\/div>\r\n<\/div>\r\n<\/div><\/td><\/tr><tr class=\"cookielawinfo-row\"><td class=\"cookielawinfo-column-1\">_hjSession_#<\/td><td class=\"cookielawinfo-column-4\"><div class=\"page\" title=\"Page 4\">\r\n<div class=\"section\">\r\n<div class=\"layoutArea\">\r\n<div class=\"column\">\r\n\r\nRecopila estadi\u0301sticas sobre las visitas del usuario al sitio web, como el nu\u0301mero de visitas, el tiempo medio pasado en el sitio web y que\u0301 pa\u0301ginas se han lei\u0301do.\r\n\r\n<\/div>\r\n<\/div>\r\n<\/div>\r\n<\/div><\/td><\/tr><tr class=\"cookielawinfo-row\"><td class=\"cookielawinfo-column-1\">_hjSessionUser_#<\/td><td class=\"cookielawinfo-column-4\"><div class=\"page\" title=\"Page 4\">\r\n<div class=\"section\">\r\n<div class=\"layoutArea\">\r\n<div class=\"column\">\r\n\r\nRecopila estadi\u0301sticas sobre las visitas del usuario al sitio web, como el nu\u0301mero de visitas, el tiempo medio pasado en el sitio web y que\u0301 pa\u0301ginas se han lei\u0301do.\r\n\r\n<\/div>\r\n<\/div>\r\n<\/div>\r\n<\/div><\/td><\/tr><tr class=\"cookielawinfo-row\"><td class=\"cookielawinfo-column-1\">cookielawinfo-checkbox-analytics<\/td><td class=\"cookielawinfo-column-4\">This cookie is set by GDPR Cookie Consent plugin. The cookie is used to store the user consent for the cookies in the category \u00abAnalytics\u00bb.<\/td><\/tr><tr class=\"cookielawinfo-row\"><td class=\"cookielawinfo-column-1\">cookielawinfo-checkbox-functional<\/td><td class=\"cookielawinfo-column-4\">The cookie is set by GDPR cookie consent to record the user consent for the cookies in the category \u00abFunctional\u00bb.<\/td><\/tr><tr class=\"cookielawinfo-row\"><td class=\"cookielawinfo-column-1\">cookielawinfo-checkbox-necessary<\/td><td class=\"cookielawinfo-column-4\">This cookie is set by GDPR Cookie Consent plugin. The cookies is used to store the user consent for the cookies in the category \u00abNecessary\u00bb.<\/td><\/tr><tr class=\"cookielawinfo-row\"><td class=\"cookielawinfo-column-1\">cookielawinfo-checkbox-others<\/td><td class=\"cookielawinfo-column-4\">This cookie is set by GDPR Cookie Consent plugin. The cookie is used to store the user consent for the cookies in the category \u00abOther.<\/td><\/tr><tr class=\"cookielawinfo-row\"><td class=\"cookielawinfo-column-1\">cookielawinfo-checkbox-performance<\/td><td class=\"cookielawinfo-column-4\">This cookie is set by GDPR Cookie Consent plugin. The cookie is used to store the user consent for the cookies in the category \u00abPerformance\u00bb.<\/td><\/tr><tr class=\"cookielawinfo-row\"><td class=\"cookielawinfo-column-1\">Elementor<\/td><td class=\"cookielawinfo-column-4\"><div class=\"page\" title=\"Page 2\">\r\n<div class=\"section\">\r\n<div class=\"layoutArea\">\r\n<div class=\"column\">\r\n\r\nUtilizada en relacio\u0301n al tema de WordPress de la web. La cookie permite al propietario de la web implementar o cambiar el contenido de la web en tiempo real.\r\n\r\n<\/div>\r\n<\/div>\r\n<\/div>\r\n<\/div><\/td><\/tr><tr class=\"cookielawinfo-row\"><td class=\"cookielawinfo-column-1\">hjViewportId<\/td><td class=\"cookielawinfo-column-4\"><div class=\"page\" title=\"Page 4\">\r\n<div class=\"section\">\r\n<div class=\"layoutArea\">\r\n<div class=\"column\">\r\n\r\nEstablece un identificador para la sesio\u0301n. Esto permite a la web obtener datos del comportamiento del visitante con propo\u0301sitos estadi\u0301sticos.\r\n\r\n<\/div>\r\n<\/div>\r\n<\/div>\r\n<\/div><\/td><\/tr><tr class=\"cookielawinfo-row\"><td class=\"cookielawinfo-column-1\">rc::a<\/td><td class=\"cookielawinfo-column-4\"><div class=\"page\" title=\"Page 2\">\r\n<div class=\"section\">\r\n<div class=\"layoutArea\">\r\n<div class=\"column\">\r\n\r\nEsta cookie se utiliza para distinguir entre humanos y bots. Esto es beneficioso para la web con el objeto de elaborar informes va\u0301lidos sobre el uso de su web.\r\n\r\n<\/div>\r\n<\/div>\r\n<\/div>\r\n<\/div><\/td><\/tr><tr class=\"cookielawinfo-row\"><td class=\"cookielawinfo-column-1\">rc::c<\/td><td class=\"cookielawinfo-column-4\"><div class=\"page\" title=\"Page 2\">\r\n<div class=\"section\">\r\n<div class=\"layoutArea\">\r\n<div class=\"column\">\r\n\r\nEsta cookie se utiliza para distinguir entre humanos y bots.\r\n\r\n<\/div>\r\n<\/div>\r\n<\/div>\r\n<\/div><\/td><\/tr><tr class=\"cookielawinfo-row\"><td class=\"cookielawinfo-column-1\">viewed_cookie_policy<\/td><td class=\"cookielawinfo-column-4\">The cookie is set by the GDPR Cookie Consent plugin and is used to store whether or not user has consented to the use of cookies. It does not store any personal data.<\/td><\/tr><\/tbody><\/table>\n\n<\/div>\n<h3>How can I control the cookie preferences ?<\/h3>\n<div>Should you decide to change your preferences later through your browsing session, you can click on the \u00abManage consent\u00bb tab on your screen. This will display the consent notice again enabling you to change your preferences or withdraw your consent entirely.\n\nIn addition to this, different browsers provide different methods to block and delete cookies used by websites. You can change the settings of your browser to block\/delete the cookies. To find out more about how to manage and delete cookies, visit wikipedia.org, www.allaboutcookies.org.\n\n<\/div>\n<\/div>\t\t\t\t\t\t<\/div>\n\t\t\t\t<\/div>\n\t\t\t\t\t<\/div>\n\t\t<\/div>\n\t\t\t\t\t<\/div>\n\t\t<\/section>\n\t\t\t\t<\/div>","protected":false},"excerpt":{"rendered":"<p>Pol\u00edtica de Cookies Acerca de esta pol\u00edtica de cookies Esta Pol\u00edtica de Cookies explica qu\u00e9 son las cookies y c\u00f3mo las utilizamos, los tipos de cookies que utilizamos, es decir, la informaci\u00f3n que recopilamos mediante las cookies y c\u00f3mo se utiliza esa informaci\u00f3n, y c\u00f3mo controlar las preferencias de las cookies. Para m\u00e1s informaci\u00f3n sobre [&hellip;]<\/p>","protected":false},"author":1,"featured_media":0,"parent":0,"menu_order":0,"comment_status":"closed","ping_status":"closed","template":"elementor_header_footer","meta":{"site-sidebar-layout":"no-sidebar","site-content-layout":"page-builder","ast-site-content-layout":"","site-content-style":"default","site-sidebar-style":"default","ast-global-header-display":"","ast-banner-title-visibility":"","ast-main-header-display":"","ast-hfb-above-header-display":"","ast-hfb-below-header-display":"","ast-hfb-mobile-header-display":"","site-post-title":"disabled","ast-breadcrumbs-content":"","ast-featured-img":"disabled","footer-sml-layout":"","theme-transparent-header-meta":"","adv-header-id-meta":"","stick-header-meta":"","header-above-stick-meta":"","header-main-stick-meta":"","header-below-stick-meta":"","astra-migrate-meta-layouts":"default","ast-page-background-enabled":"default","ast-page-background-meta":{"desktop":{"background-color":"var(--ast-global-color-4)","background-image":"","background-repeat":"repeat","background-position":"center center","background-size":"auto","background-attachment":"scroll","background-type":"","background-media":"","overlay-type":"","overlay-color":"","overlay-opacity":"","overlay-gradient":""},"tablet":{"background-color":"","background-image":"","background-repeat":"repeat","background-position":"center center","background-size":"auto","background-attachment":"scroll","background-type":"","background-media":"","overlay-type":"","overlay-color":"","overlay-opacity":"","overlay-gradient":""},"mobile":{"background-color":"","background-image":"","background-repeat":"repeat","background-position":"center center","background-size":"auto","background-attachment":"scroll","background-type":"","background-media":"","overlay-type":"","overlay-color":"","overlay-opacity":"","overlay-gradient":""}},"ast-content-background-meta":{"desktop":{"background-color":"var(--ast-global-color-5)","background-image":"","background-repeat":"repeat","background-position":"center center","background-size":"auto","background-attachment":"scroll","background-type":"","background-media":"","overlay-type":"","overlay-color":"","overlay-opacity":"","overlay-gradient":""},"tablet":{"background-color":"var(--ast-global-color-5)","background-image":"","background-repeat":"repeat","background-position":"center center","background-size":"auto","background-attachment":"scroll","background-type":"","background-media":"","overlay-type":"","overlay-color":"","overlay-opacity":"","overlay-gradient":""},"mobile":{"background-color":"var(--ast-global-color-5)","background-image":"","background-repeat":"repeat","background-position":"center center","background-size":"auto","background-attachment":"scroll","background-type":"","background-media":"","overlay-type":"","overlay-color":"","overlay-opacity":"","overlay-gradient":""}},"footnotes":""},"_links":{"self":[{"href":"https:\/\/oryxpower.com\/en\/wp-json\/wp\/v2\/pages\/1891"}],"collection":[{"href":"https:\/\/oryxpower.com\/en\/wp-json\/wp\/v2\/pages"}],"about":[{"href":"https:\/\/oryxpower.com\/en\/wp-json\/wp\/v2\/types\/page"}],"author":[{"embeddable":true,"href":"https:\/\/oryxpower.com\/en\/wp-json\/wp\/v2\/users\/1"}],"replies":[{"embeddable":true,"href":"https:\/\/oryxpower.com\/en\/wp-json\/wp\/v2\/comments?post=1891"}],"version-history":[{"count":28,"href":"https:\/\/oryxpower.com\/en\/wp-json\/wp\/v2\/pages\/1891\/revisions"}],"predecessor-version":[{"id":4424,"href":"https:\/\/oryxpower.com\/en\/wp-json\/wp\/v2\/pages\/1891\/revisions\/4424"}],"wp:attachment":[{"href":"https:\/\/oryxpower.com\/en\/wp-json\/wp\/v2\/media?parent=1891"}],"curies":[{"name":"wp","href":"https:\/\/api.w.org\/{rel}","templated":true}]}}